{"id":238,"date":"2024-02-28T11:59:01","date_gmt":"2024-02-28T11:59:01","guid":{"rendered":"https:\/\/sazara.ee\/store\/?post_type=product&#038;p=238"},"modified":"2024-02-28T11:59:17","modified_gmt":"2024-02-28T11:59:17","slug":"annual-report-fee","status":"publish","type":"product","link":"https:\/\/sazara.ee\/store\/index.php\/product\/annual-report-fee\/","title":{"rendered":"Annual Report Fee"},"content":{"rendered":"<p>Bu paket 1-120 aras\u0131 muhasebe kayd\u0131n\u0131 kapsamaktad\u0131r.<\/p>\n","protected":false},"excerpt":{"rendered":"<p>Bu paket 1-120 aras\u0131 muhasebe kayd\u0131n\u0131 kapsamaktad\u0131r.<\/p>\n","protected":false},"featured_media":170,"template":"","meta":[],"product_brand":[],"product_cat":[19],"product_tag":[],"class_list":{"0":"post-238","1":"product","2":"type-product","3":"status-publish","4":"has-post-thumbnail","6":"product_cat-accountingplans","8":"first","9":"instock","10":"virtual","11":"purchasable","12":"product-type-simple"},"_links":{"self":[{"href":"https:\/\/sazara.ee\/store\/index.php\/wp-json\/wp\/v2\/product\/238","targetHints":{"allow":["GET"]}}],"collection":[{"href":"https:\/\/sazara.ee\/store\/index.php\/wp-json\/wp\/v2\/product"}],"about":[{"href":"https:\/\/sazara.ee\/store\/index.php\/wp-json\/wp\/v2\/types\/product"}],"wp:featuredmedia":[{"embeddable":true,"href":"https:\/\/sazara.ee\/store\/index.php\/wp-json\/wp\/v2\/media\/170"}],"wp:attachment":[{"href":"https:\/\/sazara.ee\/store\/index.php\/wp-json\/wp\/v2\/media?parent=238"}],"wp:term":[{"taxonomy":"product_brand","embeddable":true,"href":"https:\/\/sazara.ee\/store\/index.php\/wp-json\/wp\/v2\/product_brand?post=238"},{"taxonomy":"product_cat","embeddable":true,"href":"https:\/\/sazara.ee\/store\/index.php\/wp-json\/wp\/v2\/product_cat?post=238"},{"taxonomy":"product_tag","embeddable":true,"href":"https:\/\/sazara.ee\/store\/index.php\/wp-json\/wp\/v2\/product_tag?post=238"}],"curies":[{"name":"wp","href":"https:\/\/api.w.org\/{rel}","templated":true}]}}