{"id":225,"date":"2023-08-16T17:55:57","date_gmt":"2023-08-16T17:55:57","guid":{"rendered":"https:\/\/sazara.ee\/store\/?post_type=product&#038;p=225"},"modified":"2024-01-23T12:45:40","modified_gmt":"2024-01-23T12:45:40","slug":"declaration-of-dividend-payment","status":"publish","type":"product","link":"https:\/\/sazara.ee\/store\/index.php\/product\/declaration-of-dividend-payment\/","title":{"rendered":"Declaration of dividend payment"},"content":{"rendered":"<p>Y\u0131ll\u0131k vergi beyanname imzalan\u0131rken karpay\u0131 da\u011f\u0131tma opsiyonunu se\u00e7en m\u00fc\u015fteriler i\u00e7in vergi dairesine yap\u0131lmas\u0131 gereken raporlama i\u00e7in al\u0131nan bedeldir.<\/p>\n","protected":false},"excerpt":{"rendered":"<p>Y\u0131ll\u0131k vergi beyanname imzalan\u0131rken karpay\u0131 da\u011f\u0131tma opsiyonunu se\u00e7en m\u00fc\u015fteriler i\u00e7in vergi dairesine yap\u0131lmas\u0131 gereken raporlama i\u00e7in al\u0131nan bedeldir.<\/p>\n","protected":false},"featured_media":170,"template":"","meta":[],"product_brand":[],"product_cat":[19],"product_tag":[],"class_list":{"0":"post-225","1":"product","2":"type-product","3":"status-publish","4":"has-post-thumbnail","6":"product_cat-accountingplans","8":"first","9":"instock","10":"virtual","11":"purchasable","12":"product-type-simple"},"_links":{"self":[{"href":"https:\/\/sazara.ee\/store\/index.php\/wp-json\/wp\/v2\/product\/225","targetHints":{"allow":["GET"]}}],"collection":[{"href":"https:\/\/sazara.ee\/store\/index.php\/wp-json\/wp\/v2\/product"}],"about":[{"href":"https:\/\/sazara.ee\/store\/index.php\/wp-json\/wp\/v2\/types\/product"}],"wp:featuredmedia":[{"embeddable":true,"href":"https:\/\/sazara.ee\/store\/index.php\/wp-json\/wp\/v2\/media\/170"}],"wp:attachment":[{"href":"https:\/\/sazara.ee\/store\/index.php\/wp-json\/wp\/v2\/media?parent=225"}],"wp:term":[{"taxonomy":"product_brand","embeddable":true,"href":"https:\/\/sazara.ee\/store\/index.php\/wp-json\/wp\/v2\/product_brand?post=225"},{"taxonomy":"product_cat","embeddable":true,"href":"https:\/\/sazara.ee\/store\/index.php\/wp-json\/wp\/v2\/product_cat?post=225"},{"taxonomy":"product_tag","embeddable":true,"href":"https:\/\/sazara.ee\/store\/index.php\/wp-json\/wp\/v2\/product_tag?post=225"}],"curies":[{"name":"wp","href":"https:\/\/api.w.org\/{rel}","templated":true}]}}