{"id":189,"date":"2022-02-14T14:47:08","date_gmt":"2022-02-14T14:47:08","guid":{"rendered":"https:\/\/sazara.ee\/store\/?post_type=product&#038;p=189"},"modified":"2023-11-02T13:55:20","modified_gmt":"2023-11-02T13:55:20","slug":"annual-report-of-a-dormant-company","status":"publish","type":"product","link":"https:\/\/sazara.ee\/store\/index.php\/product\/annual-report-of-a-dormant-company\/","title":{"rendered":"Annual Report of a Dormant Company"},"content":{"rendered":"<p>Hi\u00e7bir i\u015flemi olmayan firmalar\u0131n da y\u0131lda bir kez Y\u0131ll\u0131k Vergi Beyanname vermesi yasal zorunluluktur. Banka hesap ekstreniz al\u0131narak beyannameniz olu\u015fturulur.<\/p>\n","protected":false},"excerpt":{"rendered":"<p>Hi\u00e7bir i\u015flemi olmayan firmalar\u0131n da y\u0131lda bir kez Y\u0131ll\u0131k Vergi Beyanname vermesi yasal zorunluluktur. Banka hesap ekstreniz al\u0131narak beyannameniz olu\u015fturulur.<\/p>\n","protected":false},"featured_media":170,"template":"","meta":[],"product_brand":[],"product_cat":[19],"product_tag":[],"class_list":{"0":"post-189","1":"product","2":"type-product","3":"status-publish","4":"has-post-thumbnail","6":"product_cat-accountingplans","8":"first","9":"instock","10":"virtual","11":"purchasable","12":"product-type-simple"},"_links":{"self":[{"href":"https:\/\/sazara.ee\/store\/index.php\/wp-json\/wp\/v2\/product\/189","targetHints":{"allow":["GET"]}}],"collection":[{"href":"https:\/\/sazara.ee\/store\/index.php\/wp-json\/wp\/v2\/product"}],"about":[{"href":"https:\/\/sazara.ee\/store\/index.php\/wp-json\/wp\/v2\/types\/product"}],"wp:featuredmedia":[{"embeddable":true,"href":"https:\/\/sazara.ee\/store\/index.php\/wp-json\/wp\/v2\/media\/170"}],"wp:attachment":[{"href":"https:\/\/sazara.ee\/store\/index.php\/wp-json\/wp\/v2\/media?parent=189"}],"wp:term":[{"taxonomy":"product_brand","embeddable":true,"href":"https:\/\/sazara.ee\/store\/index.php\/wp-json\/wp\/v2\/product_brand?post=189"},{"taxonomy":"product_cat","embeddable":true,"href":"https:\/\/sazara.ee\/store\/index.php\/wp-json\/wp\/v2\/product_cat?post=189"},{"taxonomy":"product_tag","embeddable":true,"href":"https:\/\/sazara.ee\/store\/index.php\/wp-json\/wp\/v2\/product_tag?post=189"}],"curies":[{"name":"wp","href":"https:\/\/api.w.org\/{rel}","templated":true}]}}